{"id":3052,"date":"2023-06-21T10:39:22","date_gmt":"2023-06-21T08:39:22","guid":{"rendered":"https:\/\/www.ufamed.ch\/datenschutzbestimmungen\/"},"modified":"2023-09-27T17:11:21","modified_gmt":"2023-09-27T15:11:21","slug":"politique-de-confidentialite","status":"publish","type":"page","link":"https:\/\/www.ufamed.ch\/fr\/politique-de-confidentialite\/","title":{"rendered":"Politique de confidentialit\u00e9"},"content":{"rendered":"\t\t<div data-elementor-type=\"wp-page\" data-elementor-id=\"3052\" class=\"elementor elementor-3052 elementor-61\" data-elementor-post-type=\"page\">\n\t\t\t\t<div class=\"elementor-element elementor-element-edeb009 e-flex e-con-boxed e-con e-parent\" data-id=\"edeb009\" data-element_type=\"container\" data-e-type=\"container\" data-settings=\"{&quot;jet_parallax_layout_list&quot;:[]}\">\n\t\t\t\t\t<div class=\"e-con-inner\">\n\t\t\t\t<div class=\"elementor-element elementor-element-f07a071 elementor-widget elementor-widget-heading\" data-id=\"f07a071\" data-element_type=\"widget\" data-e-type=\"widget\" data-widget_type=\"heading.default\">\n\t\t\t\t<div class=\"elementor-widget-container\">\n\t\t\t\t\t<h2 class=\"elementor-heading-title elementor-size-default\">D\u00e9claration de confidentialit\u00e9<\/h2>\t\t\t\t<\/div>\n\t\t\t\t<\/div>\n\t\t\t\t<div class=\"elementor-element elementor-element-2f8e666 datenschutz elementor-widget elementor-widget-text-editor\" data-id=\"2f8e666\" data-element_type=\"widget\" data-e-type=\"widget\" data-widget_type=\"text-editor.default\">\n\t\t\t\t<div class=\"elementor-widget-container\">\n\t\t\t\t\t\t\t\t\t<p>Nous, ufamed AG (ci-apr\u00e8s \u00ab\u00a0nous\/notre\/nos\u00a0\u00bb), prenons tr\u00e8s au s\u00e9rieux la protection de vos donn\u00e9es personnelles et respectons strictement toutes les lois et prescriptions en vigueur en Suisse en mati\u00e8re de protection des donn\u00e9es (loi f\u00e9d\u00e9rale sur la protection des donn\u00e9es, LPD). Les explications suivantes vous donnent un aper\u00e7u de la mani\u00e8re dont nous assurons cette protection et quelles donn\u00e9es nous traitons et dans quel but.<\/p><h5>1. Responsable<\/h5><p>ufamed AG<\/p><p>Kornfeldstrasse 2<\/p><p>CH-6210 Sursee<\/p><p>T\u00e9l. : +41 58 434 46 00 <br \/>E-mail : <a href=\"mailto:info@ufamed.ch\">info@ufamed.ch<\/a><\/p><h5>2. Donn\u00e9es d&rsquo;utilisation<\/h5><p>Chaque fois que vous acc\u00e9dez \u00e0 notre site web et que vous consultez un fichier, des donn\u00e9es g\u00e9n\u00e9rales relatives \u00e0 ce processus sont automatiquement enregistr\u00e9es dans un fichier journal. Cet enregistrement sert exclusivement \u00e0 des fins statistiques et li\u00e9es au syst\u00e8me.<\/p><p>Les donn\u00e9es ne sont pas transmises \u00e0 des tiers ni analys\u00e9es d&rsquo;une autre mani\u00e8re, \u00e0 moins qu&rsquo;il n&rsquo;existe une obligation l\u00e9gale de le faire.<\/p><p>Plus pr\u00e9cis\u00e9ment, l&rsquo;ensemble de donn\u00e9es suivant est enregistr\u00e9 pour chaque consultation :<\/p><ul><li>le nom de votre fournisseur d&rsquo;acc\u00e8s \u00e0 Internet,<\/li><li>Votre adresse IP ou l&rsquo;adresse IP de votre serveur proxy,<\/li><li>la version de votre logiciel de navigation,<\/li><li>le syst\u00e8me d&rsquo;exploitation de votre ordinateur,<\/li><li>le site web \u00e0 partir duquel vous nous rendez visite<\/li><li>les pages web que vous visitez sur notre site,<\/li><li>Mots de recherche que vous utilisez \u00e9ventuellement chez nous ou que vous avez utilis\u00e9s pour trouver notre site web.<\/li><\/ul><h5>3. Donn\u00e9es personnelles<\/h5><p>Nous ne traitons les donn\u00e9es personnelles que si la loi nous y autorise ou si vous nous avez donn\u00e9 votre consentement.<\/p><p>En d\u00e9tail: <br \/><strong>Contact: <\/strong>Si vous prenez contact avec nous, nous enregistrons vos donn\u00e9es dans le but de traiter votre demande, ainsi que pour le cas o\u00f9 une correspondance ult\u00e9rieure devrait avoir lieu.<\/p><h5>4. Transmission de donn\u00e9es lors de la conclusion d&rsquo;un contrat pour l&rsquo;achat et l&rsquo;envoi de marchandises<\/h5><p>Les donn\u00e9es personnelles ne sont transmises \u00e0 des tiers que si cela s&rsquo;av\u00e8re n\u00e9cessaire dans le cadre de l&rsquo;ex\u00e9cution du contrat. Les tiers peuvent \u00eatre par exemple des entreprises de logistique ou des prestataires de services de paiement. Une autre transmission de vos donn\u00e9es n&rsquo;a pas lieu, ou seulement si vous nous y avez express\u00e9ment autoris\u00e9s.<\/p><p>\u00a0<\/p><h5>5. Renseignements sur la solvabilit\u00e9<\/h5><p>Notre entreprise v\u00e9rifie r\u00e9guli\u00e8rement votre solvabilit\u00e9 lors de la conclusion de contrats et, dans certains cas o\u00f9 il existe un int\u00e9r\u00eat l\u00e9gitime, \u00e9galement pour les clients existants. \u00c0 cette fin, nous transmettons votre nom et vos coordonn\u00e9es aux agences d&rsquo;\u00e9valuation du cr\u00e9dit concern\u00e9es. Nous conservons le r\u00e9sultat de la v\u00e9rification de la solvabilit\u00e9 pendant un an.<\/p><h5>6. Cookies<\/h5><p>Nous utilisons ce que l&rsquo;on appelle des cookies dans certains domaines de notre site web. Ces \u00e9l\u00e9ments de fichiers permettent d&rsquo;identifier votre ordinateur en tant qu&rsquo;unit\u00e9 technique lors de votre visite sur ce site web, afin de vous faciliter l&rsquo;utilisation de notre offre &#8211; m\u00eame en cas de visites r\u00e9p\u00e9t\u00e9es.<\/p><p>En r\u00e8gle g\u00e9n\u00e9rale, vous avez toutefois la possibilit\u00e9 de configurer votre navigateur Internet de mani\u00e8re \u00e0 \u00eatre inform\u00e9 de l&rsquo;apparition de cookies, afin que vous puissiez les autoriser ou les exclure, ou encore supprimer les cookies d\u00e9j\u00e0 existants.<\/p><p>Veuillez utiliser la fonction d&rsquo;aide de votre navigateur Internet pour obtenir des informations sur la modification de ces param\u00e8tres. Nous attirons votre attention sur le fait que certaines fonctions de notre site web peuvent ne pas fonctionner si vous avez d\u00e9sactiv\u00e9 l&rsquo;utilisation de cookies.<\/p><p>Les cookies ne permettent pas \u00e0 un serveur de lire les donn\u00e9es priv\u00e9es de votre ordinateur ou les donn\u00e9es d\u00e9pos\u00e9es par un autre serveur. Ils ne causent aucun dommage \u00e0 votre ordinateur et ne contiennent pas de virus.<\/p><p>Le traitement des cookies a pour but d&rsquo;am\u00e9liorer le fonctionnement de notre site web. Il est donc n\u00e9cessaire \u00e0 la protection de nos int\u00e9r\u00eats l\u00e9gitimes.<\/p><h6>Vid\u00e9os YouTube int\u00e9gr\u00e9es<\/h6><p>Sur notre site web, nous int\u00e9grons des vid\u00e9os YouTube. L&rsquo;exploitant des plugins correspondants est YouTube, LLC, 901 Cherry Ave., San Bruno, CA 94066, USA, ci-apr\u00e8s d\u00e9nomm\u00e9 \u00ab\u00a0YouTube\u00a0\u00bb.<\/p><p>Lorsque vous visitez une page avec le plug-in YouTube, une connexion est \u00e9tablie avec les serveurs de YouTube. YouTube est alors inform\u00e9 des pages que vous visitez. Si vous \u00eates connect\u00e9 \u00e0 votre compte YouTube, YouTube peut vous attribuer personnellement votre comportement de navigation. Vous pouvez \u00e9viter cela en vous d\u00e9connectant au pr\u00e9alable de votre compte YouTube.<\/p><p>Lorsqu&rsquo;une vid\u00e9o YouTube est lanc\u00e9e, le fournisseur utilise des cookies qui collectent des informations sur le comportement de l&rsquo;utilisateur.<\/p><p>Pour plus d&rsquo;informations sur l&rsquo;objectif et l&rsquo;\u00e9tendue de la collecte de donn\u00e9es et de leur traitement par YouTube, veuillez consulter la d\u00e9claration de confidentialit\u00e9. Vous y trouverez \u00e9galement de plus amples informations sur vos droits et les possibilit\u00e9s de param\u00e9trage pour prot\u00e9ger votre vie priv\u00e9e : <a href=\"https:\/\/www.google.de\/intl\/de\/policies\/privacy.\">https:\/\/www.google.de\/intl\/de\/policies\/privacy.<\/a><\/p><h6>Prestataire de services<\/h6><h6>Commandes, exp\u00e9dition, paiement :<\/h6><p>En dehors de nos heures d&rsquo;ouverture, nous acceptons volontiers vos commandes par e-mail, r\u00e9pondeur t\u00e9l\u00e9phonique ou via Vetpoint. Afin de pouvoir traiter votre commande, un \u00e9change des donn\u00e9es n\u00e9cessaires \u00e0 cet effet a lieu entre Vetpoint et ufamed AG. Le paiement peut \u00eatre effectu\u00e9 directement ou par l&rsquo;interm\u00e9diaire de la Tier\u00e4rztliche Verrechnungsstelle GST AG (TVS).<\/p><p>Seuls les v\u00e9t\u00e9rinaires, les entreprises pharmaceutiques v\u00e9t\u00e9rinaires et les pharmacies\/drugstores en Suisse sont approvisionn\u00e9s. L&rsquo;autorisation d&rsquo;achat de m\u00e9dicaments est v\u00e9rifi\u00e9e lors de la premi\u00e8re commande et r\u00e9guli\u00e8rement par la suite. La marchandise que vous avez command\u00e9e est g\u00e9n\u00e9ralement envoy\u00e9e via G.Leclerc, Galliker ou la poste. Afin de pouvoir garantir une livraison correcte, les donn\u00e9es pertinentes sont transmises au prestataire de services correspondant.<\/p><p>Chez les partenaires auxquels nous transmettons vos donn\u00e9es personnelles, nous nous sommes assur\u00e9s au pr\u00e9alable que vos donn\u00e9es \u00e9taient trait\u00e9es conform\u00e9ment \u00e0 la loi et avons conclu les contrats correspondants pour le traitement des donn\u00e9es de commande.<\/p><h6>Dur\u00e9e de conservation<\/h6><p>Vos donn\u00e9es personnelles sont enregistr\u00e9es pour la dur\u00e9e de la p\u00e9riode de conservation l\u00e9gale respective et sont ensuite effac\u00e9es de mani\u00e8re routini\u00e8re, \u00e0 moins que vos donn\u00e9es personnelles ne soient encore n\u00e9cessaires apr\u00e8s cette p\u00e9riode pour atteindre l&rsquo;objectif d&rsquo;enregistrement respectif (par ex. pour l&rsquo;ex\u00e9cution d&rsquo;un contrat ou la pr\u00e9paration d&rsquo;un contrat).<\/p><p>Au plus tard \u00e0 l&rsquo;expiration d&rsquo;un d\u00e9lai de trois ans, nous v\u00e9rifions si vos donn\u00e9es sont encore n\u00e9cessaires et si des obligations l\u00e9gales de conservation s&rsquo;opposent \u00e0 leur suppression.<\/p><h6>Droits des personnes concern\u00e9es<\/h6><p>En fonction de la situation juridique, vous disposez notamment des droits des personnes concern\u00e9es suivants :<\/p><h6>Droit d&rsquo;acc\u00e8s :<\/h6><p>Vous avez le droit de nous demander de confirmer si des donn\u00e9es \u00e0 caract\u00e8re personnel vous concernant sont trait\u00e9es et de quelles donn\u00e9es il s&rsquo;agit.<\/p><p>Pour cela, il vous suffit d&rsquo;envoyer un e-mail \u00e0 <a href=\"mailto:info@ufamed.ch\">info@ufamed.ch<\/a><\/p><h6>Rectification\/suppression du traitement :<\/h6><p>En outre, vous avez le droit de nous demander de<\/p><ul><li>les donn\u00e9es \u00e0 caract\u00e8re personnel inexactes vous concernant soient rectifi\u00e9es sans d\u00e9lai (droit de rectification) ;<\/li><li>les donn\u00e9es \u00e0 caract\u00e8re personnel vous concernant soient imm\u00e9diatement<\/li><\/ul><p>effac\u00e9es (droit \u00e0 l&rsquo;effacement)<\/p><p>Pour cela, il vous suffit d&rsquo;envoyer un e-mail \u00e0 <a href=\"mailto:info@ufamed.ch\">info@ufamed.ch<\/a><\/p><h6>Droit de r\u00e9tractation :<\/h6><p>Vous avez le droit de r\u00e9voquer votre consentement \u00e0 tout moment. La r\u00e9vocation du consentement n&rsquo;affecte pas la l\u00e9galit\u00e9 du traitement effectu\u00e9 sur la base du consentement jusqu&rsquo;\u00e0 la r\u00e9vocation.<\/p><p>Pour cela, il vous suffit d&rsquo;envoyer une courriel \u00e0 <a href=\"mailto:info@ufamed.ch\">info@ufamed.ch<\/a> <br \/>Notre responsable de la protection des donn\u00e9es<br \/>fenaco <br \/>Responsable de la protection des donn\u00e9es <br \/>Allee 1a<br \/>CH-6210 Sursee <br \/><a href=\"mailto:info@fenaco.com\">info@fenaco.com<\/a><\/p><p>\u00a0<\/p><h5>6. S\u00e9curit\u00e9<\/h5><p>Pour assurer la s\u00e9curit\u00e9 de vos donn\u00e9es, nous utilisons les technologies Internet les plus modernes. Pendant le processus de demande en ligne, vos donn\u00e9es sont s\u00e9curis\u00e9es par un cryptage SSL. Pour un stockage s\u00e9curis\u00e9 de vos donn\u00e9es, nos syst\u00e8mes sont prot\u00e9g\u00e9s par des pare-feu qui emp\u00eachent tout acc\u00e8s non autoris\u00e9 de l&rsquo;ext\u00e9rieur.<\/p><p>En outre, nous mettons en \u0153uvre des mesures de s\u00e9curit\u00e9 techniques et organisationnelles afin de prot\u00e9ger les donn\u00e9es personnelles que vous nous avez fournies contre toute manipulation accidentelle ou intentionnelle, perte, destruction ou acc\u00e8s par des personnes non autoris\u00e9es. Nos partenaires contractuels, qui ont acc\u00e8s \u00e0 vos donn\u00e9es pour vous fournir des prestations de service en notre nom, sont tenus par contrat de respecter la protection des donn\u00e9es et la confidentialit\u00e9.<\/p><h5>7. R\u00e9serve de modification<\/h5><p>Nous nous r\u00e9servons le droit d&rsquo;adapter occasionnellement la pr\u00e9sente d\u00e9claration de protection des donn\u00e9es afin qu&rsquo;elle soit toujours conforme aux exigences l\u00e9gales actuelles ou afin de mettre en \u0153uvre les modifications de nos prestations dans la d\u00e9claration de protection des donn\u00e9es, par exemple lors de l&rsquo;introduction de nouveaux services. La nouvelle d\u00e9claration de protection des donn\u00e9es s&rsquo;appliquera alors \u00e0 votre nouvelle visite.<\/p><h5>8. Liens vers d&rsquo;autres sites web<\/h5><p>Notre offre en ligne contient des liens vers des sites web d&rsquo;autres fournisseurs. Nous n&rsquo;avons aucune influence sur le fait que leurs exploitants respectent les dispositions relatives \u00e0 la protection des donn\u00e9es.<\/p>\t\t\t\t\t\t\t\t<\/div>\n\t\t\t\t<\/div>\n\t\t\t\t\t<\/div>\n\t\t\t\t<\/div>\n\t\t\t\t<\/div>\n\t\t","protected":false},"excerpt":{"rendered":"<p>D\u00e9claration de confidentialit\u00e9 Nous, ufamed AG (ci-apr\u00e8s \u00ab\u00a0nous\/notre\/nos\u00a0\u00bb), prenons tr\u00e8s au s\u00e9rieux la protection de vos donn\u00e9es personnelles et respectons strictement toutes les lois et prescriptions en vigueur en Suisse en mati\u00e8re de protection des donn\u00e9es (loi f\u00e9d\u00e9rale sur la protection des donn\u00e9es, LPD). Les explications suivantes vous donnent un aper\u00e7u de la mani\u00e8re dont [&hellip;]<\/p>\n","protected":false},"author":1,"featured_media":0,"parent":0,"menu_order":0,"comment_status":"closed","ping_status":"closed","template":"","meta":{"footnotes":""},"class_list":["post-3052","page","type-page","status-publish","hentry"],"yoast_head":"<!-- This site is optimized with the Yoast SEO plugin v27.1.1 - https:\/\/yoast.com\/product\/yoast-seo-wordpress\/ -->\n<title>ufamed AG | Politique de confidentialit\u00e9<\/title>\n<meta name=\"robots\" content=\"index, follow, max-snippet:-1, max-image-preview:large, max-video-preview:-1\" \/>\n<link rel=\"canonical\" href=\"https:\/\/www.ufamed.ch\/fr\/politique-de-confidentialite\/\" \/>\n<meta property=\"og:locale\" content=\"fr_FR\" \/>\n<meta property=\"og:type\" content=\"article\" \/>\n<meta property=\"og:title\" content=\"ufamed AG | Politique de confidentialit\u00e9\" \/>\n<meta property=\"og:description\" content=\"D\u00e9claration de confidentialit\u00e9 Nous, ufamed AG (ci-apr\u00e8s \u00ab\u00a0nous\/notre\/nos\u00a0\u00bb), prenons tr\u00e8s au s\u00e9rieux la protection de vos donn\u00e9es personnelles et respectons strictement toutes les lois et prescriptions en vigueur en Suisse en mati\u00e8re de protection des donn\u00e9es (loi f\u00e9d\u00e9rale sur la protection des donn\u00e9es, LPD). Les explications suivantes vous donnent un aper\u00e7u de la mani\u00e8re dont [&hellip;]\" \/>\n<meta property=\"og:url\" content=\"https:\/\/www.ufamed.ch\/fr\/politique-de-confidentialite\/\" \/>\n<meta property=\"og:site_name\" content=\"ufamed AG\" \/>\n<meta property=\"article:modified_time\" content=\"2023-09-27T15:11:21+00:00\" \/>\n<meta name=\"twitter:card\" content=\"summary_large_image\" \/>\n<meta name=\"twitter:label1\" content=\"Dur\u00e9e de lecture estim\u00e9e\" \/>\n\t<meta name=\"twitter:data1\" content=\"8 minutes\" \/>\n<script type=\"application\/ld+json\" class=\"yoast-schema-graph\">{\"@context\":\"https:\/\/schema.org\",\"@graph\":[{\"@type\":\"WebPage\",\"@id\":\"https:\/\/www.ufamed.ch\/fr\/politique-de-confidentialite\/\",\"url\":\"https:\/\/www.ufamed.ch\/fr\/politique-de-confidentialite\/\",\"name\":\"ufamed AG | Politique de confidentialit\u00e9\",\"isPartOf\":{\"@id\":\"https:\/\/www.ufamed.ch\/fr\/#website\"},\"datePublished\":\"2023-06-21T08:39:22+00:00\",\"dateModified\":\"2023-09-27T15:11:21+00:00\",\"breadcrumb\":{\"@id\":\"https:\/\/www.ufamed.ch\/fr\/politique-de-confidentialite\/#breadcrumb\"},\"inLanguage\":\"fr-FR\",\"potentialAction\":[{\"@type\":\"ReadAction\",\"target\":[\"https:\/\/www.ufamed.ch\/fr\/politique-de-confidentialite\/\"]}]},{\"@type\":\"BreadcrumbList\",\"@id\":\"https:\/\/www.ufamed.ch\/fr\/politique-de-confidentialite\/#breadcrumb\",\"itemListElement\":[{\"@type\":\"ListItem\",\"position\":1,\"name\":\"Startseite\",\"item\":\"https:\/\/www.ufamed.ch\/fr\/\"},{\"@type\":\"ListItem\",\"position\":2,\"name\":\"Politique de confidentialit\u00e9\"}]},{\"@type\":\"WebSite\",\"@id\":\"https:\/\/www.ufamed.ch\/fr\/#website\",\"url\":\"https:\/\/www.ufamed.ch\/fr\/\",\"name\":\"ufamed AG\",\"description\":\"Veterinaermedizin - unsere Leidenschaft\",\"publisher\":{\"@id\":\"https:\/\/www.ufamed.ch\/fr\/#organization\"},\"potentialAction\":[{\"@type\":\"SearchAction\",\"target\":{\"@type\":\"EntryPoint\",\"urlTemplate\":\"https:\/\/www.ufamed.ch\/fr\/?s={search_term_string}\"},\"query-input\":{\"@type\":\"PropertyValueSpecification\",\"valueRequired\":true,\"valueName\":\"search_term_string\"}}],\"inLanguage\":\"fr-FR\"},{\"@type\":\"Organization\",\"@id\":\"https:\/\/www.ufamed.ch\/fr\/#organization\",\"name\":\"ufamed AG\",\"url\":\"https:\/\/www.ufamed.ch\/fr\/\",\"logo\":{\"@type\":\"ImageObject\",\"inLanguage\":\"fr-FR\",\"@id\":\"https:\/\/www.ufamed.ch\/fr\/#\/schema\/logo\/image\/\",\"url\":\"https:\/\/www.ufamed.ch\/wp-content\/uploads\/2023\/06\/logo-ufamed-de.svg\",\"contentUrl\":\"https:\/\/www.ufamed.ch\/wp-content\/uploads\/2023\/06\/logo-ufamed-de.svg\",\"width\":463,\"height\":115,\"caption\":\"ufamed AG\"},\"image\":{\"@id\":\"https:\/\/www.ufamed.ch\/fr\/#\/schema\/logo\/image\/\"}}]}<\/script>\n<!-- \/ Yoast SEO plugin. -->","yoast_head_json":{"title":"ufamed AG | Politique de confidentialit\u00e9","robots":{"index":"index","follow":"follow","max-snippet":"max-snippet:-1","max-image-preview":"max-image-preview:large","max-video-preview":"max-video-preview:-1"},"canonical":"https:\/\/www.ufamed.ch\/fr\/politique-de-confidentialite\/","og_locale":"fr_FR","og_type":"article","og_title":"ufamed AG | Politique de confidentialit\u00e9","og_description":"D\u00e9claration de confidentialit\u00e9 Nous, ufamed AG (ci-apr\u00e8s \u00ab\u00a0nous\/notre\/nos\u00a0\u00bb), prenons tr\u00e8s au s\u00e9rieux la protection de vos donn\u00e9es personnelles et respectons strictement toutes les lois et prescriptions en vigueur en Suisse en mati\u00e8re de protection des donn\u00e9es (loi f\u00e9d\u00e9rale sur la protection des donn\u00e9es, LPD). Les explications suivantes vous donnent un aper\u00e7u de la mani\u00e8re dont [&hellip;]","og_url":"https:\/\/www.ufamed.ch\/fr\/politique-de-confidentialite\/","og_site_name":"ufamed AG","article_modified_time":"2023-09-27T15:11:21+00:00","twitter_card":"summary_large_image","twitter_misc":{"Dur\u00e9e de lecture estim\u00e9e":"8 minutes"},"schema":{"@context":"https:\/\/schema.org","@graph":[{"@type":"WebPage","@id":"https:\/\/www.ufamed.ch\/fr\/politique-de-confidentialite\/","url":"https:\/\/www.ufamed.ch\/fr\/politique-de-confidentialite\/","name":"ufamed AG | Politique de confidentialit\u00e9","isPartOf":{"@id":"https:\/\/www.ufamed.ch\/fr\/#website"},"datePublished":"2023-06-21T08:39:22+00:00","dateModified":"2023-09-27T15:11:21+00:00","breadcrumb":{"@id":"https:\/\/www.ufamed.ch\/fr\/politique-de-confidentialite\/#breadcrumb"},"inLanguage":"fr-FR","potentialAction":[{"@type":"ReadAction","target":["https:\/\/www.ufamed.ch\/fr\/politique-de-confidentialite\/"]}]},{"@type":"BreadcrumbList","@id":"https:\/\/www.ufamed.ch\/fr\/politique-de-confidentialite\/#breadcrumb","itemListElement":[{"@type":"ListItem","position":1,"name":"Startseite","item":"https:\/\/www.ufamed.ch\/fr\/"},{"@type":"ListItem","position":2,"name":"Politique de confidentialit\u00e9"}]},{"@type":"WebSite","@id":"https:\/\/www.ufamed.ch\/fr\/#website","url":"https:\/\/www.ufamed.ch\/fr\/","name":"ufamed AG","description":"Veterinaermedizin - unsere Leidenschaft","publisher":{"@id":"https:\/\/www.ufamed.ch\/fr\/#organization"},"potentialAction":[{"@type":"SearchAction","target":{"@type":"EntryPoint","urlTemplate":"https:\/\/www.ufamed.ch\/fr\/?s={search_term_string}"},"query-input":{"@type":"PropertyValueSpecification","valueRequired":true,"valueName":"search_term_string"}}],"inLanguage":"fr-FR"},{"@type":"Organization","@id":"https:\/\/www.ufamed.ch\/fr\/#organization","name":"ufamed AG","url":"https:\/\/www.ufamed.ch\/fr\/","logo":{"@type":"ImageObject","inLanguage":"fr-FR","@id":"https:\/\/www.ufamed.ch\/fr\/#\/schema\/logo\/image\/","url":"https:\/\/www.ufamed.ch\/wp-content\/uploads\/2023\/06\/logo-ufamed-de.svg","contentUrl":"https:\/\/www.ufamed.ch\/wp-content\/uploads\/2023\/06\/logo-ufamed-de.svg","width":463,"height":115,"caption":"ufamed AG"},"image":{"@id":"https:\/\/www.ufamed.ch\/fr\/#\/schema\/logo\/image\/"}}]}},"_links":{"self":[{"href":"https:\/\/www.ufamed.ch\/fr\/wp-json\/wp\/v2\/pages\/3052","targetHints":{"allow":["GET"]}}],"collection":[{"href":"https:\/\/www.ufamed.ch\/fr\/wp-json\/wp\/v2\/pages"}],"about":[{"href":"https:\/\/www.ufamed.ch\/fr\/wp-json\/wp\/v2\/types\/page"}],"author":[{"embeddable":true,"href":"https:\/\/www.ufamed.ch\/fr\/wp-json\/wp\/v2\/users\/1"}],"replies":[{"embeddable":true,"href":"https:\/\/www.ufamed.ch\/fr\/wp-json\/wp\/v2\/comments?post=3052"}],"version-history":[{"count":0,"href":"https:\/\/www.ufamed.ch\/fr\/wp-json\/wp\/v2\/pages\/3052\/revisions"}],"wp:attachment":[{"href":"https:\/\/www.ufamed.ch\/fr\/wp-json\/wp\/v2\/media?parent=3052"}],"curies":[{"name":"wp","href":"https:\/\/api.w.org\/{rel}","templated":true}]}}