{"id":3064,"date":"2023-06-21T10:39:10","date_gmt":"2023-06-21T08:39:10","guid":{"rendered":"https:\/\/www.ufamed.ch\/impressum\/"},"modified":"2023-09-25T16:40:22","modified_gmt":"2023-09-25T14:40:22","slug":"mentions-legales","status":"publish","type":"page","link":"https:\/\/www.ufamed.ch\/fr\/mentions-legales\/","title":{"rendered":"Mentions l\u00e9gales"},"content":{"rendered":"\t\t<div data-elementor-type=\"wp-page\" data-elementor-id=\"3064\" class=\"elementor elementor-3064 elementor-59\" data-elementor-post-type=\"page\">\n\t\t\t\t<div class=\"elementor-element elementor-element-1dced99 e-flex e-con-boxed e-con e-parent\" data-id=\"1dced99\" data-element_type=\"container\" data-e-type=\"container\" data-settings=\"{&quot;jet_parallax_layout_list&quot;:[]}\">\n\t\t\t\t\t<div class=\"e-con-inner\">\n\t\t\t\t<div class=\"elementor-element elementor-element-5670a0c elementor-widget elementor-widget-heading\" data-id=\"5670a0c\" data-element_type=\"widget\" data-e-type=\"widget\" data-widget_type=\"heading.default\">\n\t\t\t\t<div class=\"elementor-widget-container\">\n\t\t\t\t\t<h2 class=\"elementor-heading-title elementor-size-default\">Mentions l\u00e9gales<\/h2>\t\t\t\t<\/div>\n\t\t\t\t<\/div>\n\t\t\t\t\t<\/div>\n\t\t\t\t<\/div>\n\t\t<div class=\"elementor-element elementor-element-8cf7634 e-flex e-con-boxed e-con e-parent\" data-id=\"8cf7634\" data-element_type=\"container\" data-e-type=\"container\" data-settings=\"{&quot;jet_parallax_layout_list&quot;:[]}\">\n\t\t\t\t\t<div class=\"e-con-inner\">\n\t\t<div class=\"elementor-element elementor-element-99c4e1b e-con-full e-flex e-con e-child\" data-id=\"99c4e1b\" data-element_type=\"container\" data-e-type=\"container\" data-settings=\"{&quot;jet_parallax_layout_list&quot;:[]}\">\n\t\t\t\t<div class=\"elementor-element elementor-element-3a8123d elementor-widget elementor-widget-text-editor\" data-id=\"3a8123d\" data-element_type=\"widget\" data-e-type=\"widget\" data-widget_type=\"text-editor.default\">\n\t\t\t\t<div class=\"elementor-widget-container\">\n\t\t\t\t\t\t\t\t\t<p>Les textes, documents et images publi\u00e9s sur ce site web sont &#8211; sauf indication contraire &#8211; la propri\u00e9t\u00e9 intellectuelle de ufamed SA.<\/p><h6 style=\"font-weight: 400;\"><strong>Propri\u00e9taire<\/strong><\/h6><p style=\"font-weight: 400;\">ufamed AG<br \/>Kornfeldstrasse 2<br \/>CH-6210 Sursee<br \/><a href=\"tel:+41 58 434 46 00\">+41 58 434 46 00<\/a><br \/><u><a href=\"mailto:info@ufamed.ch\">info@ufamed.ch<\/a><\/u><\/p><p style=\"font-weight: 400;\">Num\u00e9ro d&rsquo;identification de l&rsquo;entreprise:<br \/>CHE-103.435.151 MWST<\/p>\t\t\t\t\t\t\t\t<\/div>\n\t\t\t\t<\/div>\n\t\t\t\t<\/div>\n\t\t<div class=\"elementor-element elementor-element-ed530df e-con-full e-flex e-con e-child\" data-id=\"ed530df\" data-element_type=\"container\" data-e-type=\"container\" data-settings=\"{&quot;jet_parallax_layout_list&quot;:[]}\">\n\t\t\t\t<div class=\"elementor-element elementor-element-284d375 elementor-widget elementor-widget-text-editor\" data-id=\"284d375\" data-element_type=\"widget\" data-e-type=\"widget\" data-widget_type=\"text-editor.default\">\n\t\t\t\t<div class=\"elementor-widget-container\">\n\t\t\t\t\t\t\t\t\t<h6 style=\"font-weight: 400;\"><strong>Conception et programmation<\/strong><\/h6><p style=\"font-weight: 400;\">Dany Kirchhofer<br \/><a href=\"https:\/\/dk-kom.ch\/\" target=\"_blank\" rel=\"noopener\">www.dk-kom.ch<\/a><\/p><p style=\"font-weight: 400;\">Sandro B\u00fcchler<br \/><a href=\"https:\/\/sandrobuechler.ch\/\" target=\"_blank\" rel=\"noopener\">www.sandrobuechler.ch<\/a><\/p><h6>\u00a0<\/h6><h6 style=\"font-weight: 400;\"><strong>Contenus textuels<\/strong><\/h6><p style=\"font-weight: 400;\">Anita Steiner Kommunikation<br \/><a href=\"http:\/\/www.as-kommunikation.ch\">www.as-kommunikation.ch<\/a><\/p><h6>\u00a0<\/h6><h6 style=\"font-weight: 400;\"><strong>Photos et vid\u00e9os<\/strong><\/h6><p style=\"font-weight: 400;\">Dany Kirchhofer<br \/><a href=\"https:\/\/dk-kom.ch\/\" target=\"_blank\" rel=\"noopener\">www.dk-kom.ch<\/a><\/p><p style=\"font-weight: 400;\">Sandro B\u00fcchler<br \/><a href=\"https:\/\/sandrobuechler.ch\/\" target=\"_blank\" rel=\"noopener\">www.sandrobuechler.ch<\/a><\/p>\t\t\t\t\t\t\t\t<\/div>\n\t\t\t\t<\/div>\n\t\t\t\t<\/div>\n\t\t\t\t\t<\/div>\n\t\t\t\t<\/div>\n\t\t\t\t<\/div>\n\t\t","protected":false},"excerpt":{"rendered":"<p>Mentions l\u00e9gales Les textes, documents et images publi\u00e9s sur ce site web sont &#8211; sauf indication contraire &#8211; la propri\u00e9t\u00e9 intellectuelle de ufamed SA. Propri\u00e9taire ufamed AGKornfeldstrasse 2CH-6210 Sursee+41 58 434 46 00info@ufamed.ch Num\u00e9ro d&rsquo;identification de l&rsquo;entreprise:CHE-103.435.151 MWST Conception et programmation Dany Kirchhoferwww.dk-kom.ch Sandro B\u00fcchlerwww.sandrobuechler.ch \u00a0 Contenus textuels Anita Steiner Kommunikationwww.as-kommunikation.ch \u00a0 Photos et vid\u00e9os [&hellip;]<\/p>\n","protected":false},"author":1,"featured_media":0,"parent":0,"menu_order":0,"comment_status":"closed","ping_status":"closed","template":"","meta":{"footnotes":""},"class_list":["post-3064","page","type-page","status-publish","hentry"],"yoast_head":"<!-- This site is optimized with the Yoast SEO plugin v27.1.1 - https:\/\/yoast.com\/product\/yoast-seo-wordpress\/ -->\n<title>ufamed AG | Mentions l\u00e9gales<\/title>\n<meta name=\"robots\" content=\"index, follow, max-snippet:-1, max-image-preview:large, max-video-preview:-1\" \/>\n<link rel=\"canonical\" href=\"https:\/\/www.ufamed.ch\/fr\/mentions-legales\/\" \/>\n<meta property=\"og:locale\" content=\"fr_FR\" \/>\n<meta property=\"og:type\" content=\"article\" \/>\n<meta property=\"og:title\" content=\"ufamed AG | Mentions l\u00e9gales\" \/>\n<meta property=\"og:description\" content=\"Mentions l\u00e9gales Les textes, documents et images publi\u00e9s sur ce site web sont &#8211; sauf indication contraire &#8211; la propri\u00e9t\u00e9 intellectuelle de ufamed SA. Propri\u00e9taire ufamed AGKornfeldstrasse 2CH-6210 Sursee+41 58 434 46 00info@ufamed.ch Num\u00e9ro d&rsquo;identification de l&rsquo;entreprise:CHE-103.435.151 MWST Conception et programmation Dany Kirchhoferwww.dk-kom.ch Sandro B\u00fcchlerwww.sandrobuechler.ch \u00a0 Contenus textuels Anita Steiner Kommunikationwww.as-kommunikation.ch \u00a0 Photos et vid\u00e9os [&hellip;]\" \/>\n<meta property=\"og:url\" content=\"https:\/\/www.ufamed.ch\/fr\/mentions-legales\/\" \/>\n<meta property=\"og:site_name\" content=\"ufamed AG\" \/>\n<meta property=\"article:modified_time\" content=\"2023-09-25T14:40:22+00:00\" \/>\n<meta name=\"twitter:card\" content=\"summary_large_image\" \/>\n<meta name=\"twitter:label1\" content=\"Dur\u00e9e de lecture estim\u00e9e\" \/>\n\t<meta name=\"twitter:data1\" content=\"1 minute\" \/>\n<script type=\"application\/ld+json\" class=\"yoast-schema-graph\">{\"@context\":\"https:\/\/schema.org\",\"@graph\":[{\"@type\":\"WebPage\",\"@id\":\"https:\/\/www.ufamed.ch\/fr\/mentions-legales\/\",\"url\":\"https:\/\/www.ufamed.ch\/fr\/mentions-legales\/\",\"name\":\"ufamed AG | Mentions l\u00e9gales\",\"isPartOf\":{\"@id\":\"https:\/\/www.ufamed.ch\/fr\/#website\"},\"datePublished\":\"2023-06-21T08:39:10+00:00\",\"dateModified\":\"2023-09-25T14:40:22+00:00\",\"breadcrumb\":{\"@id\":\"https:\/\/www.ufamed.ch\/fr\/mentions-legales\/#breadcrumb\"},\"inLanguage\":\"fr-FR\",\"potentialAction\":[{\"@type\":\"ReadAction\",\"target\":[\"https:\/\/www.ufamed.ch\/fr\/mentions-legales\/\"]}]},{\"@type\":\"BreadcrumbList\",\"@id\":\"https:\/\/www.ufamed.ch\/fr\/mentions-legales\/#breadcrumb\",\"itemListElement\":[{\"@type\":\"ListItem\",\"position\":1,\"name\":\"Startseite\",\"item\":\"https:\/\/www.ufamed.ch\/fr\/\"},{\"@type\":\"ListItem\",\"position\":2,\"name\":\"Mentions l\u00e9gales\"}]},{\"@type\":\"WebSite\",\"@id\":\"https:\/\/www.ufamed.ch\/fr\/#website\",\"url\":\"https:\/\/www.ufamed.ch\/fr\/\",\"name\":\"ufamed AG\",\"description\":\"Veterinaermedizin - unsere Leidenschaft\",\"publisher\":{\"@id\":\"https:\/\/www.ufamed.ch\/fr\/#organization\"},\"potentialAction\":[{\"@type\":\"SearchAction\",\"target\":{\"@type\":\"EntryPoint\",\"urlTemplate\":\"https:\/\/www.ufamed.ch\/fr\/?s={search_term_string}\"},\"query-input\":{\"@type\":\"PropertyValueSpecification\",\"valueRequired\":true,\"valueName\":\"search_term_string\"}}],\"inLanguage\":\"fr-FR\"},{\"@type\":\"Organization\",\"@id\":\"https:\/\/www.ufamed.ch\/fr\/#organization\",\"name\":\"ufamed AG\",\"url\":\"https:\/\/www.ufamed.ch\/fr\/\",\"logo\":{\"@type\":\"ImageObject\",\"inLanguage\":\"fr-FR\",\"@id\":\"https:\/\/www.ufamed.ch\/fr\/#\/schema\/logo\/image\/\",\"url\":\"https:\/\/www.ufamed.ch\/wp-content\/uploads\/2023\/06\/logo-ufamed-de.svg\",\"contentUrl\":\"https:\/\/www.ufamed.ch\/wp-content\/uploads\/2023\/06\/logo-ufamed-de.svg\",\"width\":463,\"height\":115,\"caption\":\"ufamed AG\"},\"image\":{\"@id\":\"https:\/\/www.ufamed.ch\/fr\/#\/schema\/logo\/image\/\"}}]}<\/script>\n<!-- \/ Yoast SEO plugin. -->","yoast_head_json":{"title":"ufamed AG | Mentions l\u00e9gales","robots":{"index":"index","follow":"follow","max-snippet":"max-snippet:-1","max-image-preview":"max-image-preview:large","max-video-preview":"max-video-preview:-1"},"canonical":"https:\/\/www.ufamed.ch\/fr\/mentions-legales\/","og_locale":"fr_FR","og_type":"article","og_title":"ufamed AG | Mentions l\u00e9gales","og_description":"Mentions l\u00e9gales Les textes, documents et images publi\u00e9s sur ce site web sont &#8211; sauf indication contraire &#8211; la propri\u00e9t\u00e9 intellectuelle de ufamed SA. Propri\u00e9taire ufamed AGKornfeldstrasse 2CH-6210 Sursee+41 58 434 46 00info@ufamed.ch Num\u00e9ro d&rsquo;identification de l&rsquo;entreprise:CHE-103.435.151 MWST Conception et programmation Dany Kirchhoferwww.dk-kom.ch Sandro B\u00fcchlerwww.sandrobuechler.ch \u00a0 Contenus textuels Anita Steiner Kommunikationwww.as-kommunikation.ch \u00a0 Photos et vid\u00e9os [&hellip;]","og_url":"https:\/\/www.ufamed.ch\/fr\/mentions-legales\/","og_site_name":"ufamed AG","article_modified_time":"2023-09-25T14:40:22+00:00","twitter_card":"summary_large_image","twitter_misc":{"Dur\u00e9e de lecture estim\u00e9e":"1 minute"},"schema":{"@context":"https:\/\/schema.org","@graph":[{"@type":"WebPage","@id":"https:\/\/www.ufamed.ch\/fr\/mentions-legales\/","url":"https:\/\/www.ufamed.ch\/fr\/mentions-legales\/","name":"ufamed AG | Mentions l\u00e9gales","isPartOf":{"@id":"https:\/\/www.ufamed.ch\/fr\/#website"},"datePublished":"2023-06-21T08:39:10+00:00","dateModified":"2023-09-25T14:40:22+00:00","breadcrumb":{"@id":"https:\/\/www.ufamed.ch\/fr\/mentions-legales\/#breadcrumb"},"inLanguage":"fr-FR","potentialAction":[{"@type":"ReadAction","target":["https:\/\/www.ufamed.ch\/fr\/mentions-legales\/"]}]},{"@type":"BreadcrumbList","@id":"https:\/\/www.ufamed.ch\/fr\/mentions-legales\/#breadcrumb","itemListElement":[{"@type":"ListItem","position":1,"name":"Startseite","item":"https:\/\/www.ufamed.ch\/fr\/"},{"@type":"ListItem","position":2,"name":"Mentions l\u00e9gales"}]},{"@type":"WebSite","@id":"https:\/\/www.ufamed.ch\/fr\/#website","url":"https:\/\/www.ufamed.ch\/fr\/","name":"ufamed AG","description":"Veterinaermedizin - unsere Leidenschaft","publisher":{"@id":"https:\/\/www.ufamed.ch\/fr\/#organization"},"potentialAction":[{"@type":"SearchAction","target":{"@type":"EntryPoint","urlTemplate":"https:\/\/www.ufamed.ch\/fr\/?s={search_term_string}"},"query-input":{"@type":"PropertyValueSpecification","valueRequired":true,"valueName":"search_term_string"}}],"inLanguage":"fr-FR"},{"@type":"Organization","@id":"https:\/\/www.ufamed.ch\/fr\/#organization","name":"ufamed AG","url":"https:\/\/www.ufamed.ch\/fr\/","logo":{"@type":"ImageObject","inLanguage":"fr-FR","@id":"https:\/\/www.ufamed.ch\/fr\/#\/schema\/logo\/image\/","url":"https:\/\/www.ufamed.ch\/wp-content\/uploads\/2023\/06\/logo-ufamed-de.svg","contentUrl":"https:\/\/www.ufamed.ch\/wp-content\/uploads\/2023\/06\/logo-ufamed-de.svg","width":463,"height":115,"caption":"ufamed AG"},"image":{"@id":"https:\/\/www.ufamed.ch\/fr\/#\/schema\/logo\/image\/"}}]}},"_links":{"self":[{"href":"https:\/\/www.ufamed.ch\/fr\/wp-json\/wp\/v2\/pages\/3064","targetHints":{"allow":["GET"]}}],"collection":[{"href":"https:\/\/www.ufamed.ch\/fr\/wp-json\/wp\/v2\/pages"}],"about":[{"href":"https:\/\/www.ufamed.ch\/fr\/wp-json\/wp\/v2\/types\/page"}],"author":[{"embeddable":true,"href":"https:\/\/www.ufamed.ch\/fr\/wp-json\/wp\/v2\/users\/1"}],"replies":[{"embeddable":true,"href":"https:\/\/www.ufamed.ch\/fr\/wp-json\/wp\/v2\/comments?post=3064"}],"version-history":[{"count":0,"href":"https:\/\/www.ufamed.ch\/fr\/wp-json\/wp\/v2\/pages\/3064\/revisions"}],"wp:attachment":[{"href":"https:\/\/www.ufamed.ch\/fr\/wp-json\/wp\/v2\/media?parent=3064"}],"curies":[{"name":"wp","href":"https:\/\/api.w.org\/{rel}","templated":true}]}}