{"id":3076,"date":"2023-06-21T10:36:51","date_gmt":"2023-06-21T08:36:51","guid":{"rendered":"https:\/\/www.ufamed.ch\/nuetzliche-links\/"},"modified":"2023-09-25T16:48:38","modified_gmt":"2023-09-25T14:48:38","slug":"liens-utiles","status":"publish","type":"page","link":"https:\/\/www.ufamed.ch\/fr\/liens-utiles\/","title":{"rendered":"Liens utiles"},"content":{"rendered":"\t\t<div data-elementor-type=\"wp-page\" data-elementor-id=\"3076\" class=\"elementor elementor-3076 elementor-43\" data-elementor-post-type=\"page\">\n\t\t\t\t<div class=\"elementor-element elementor-element-707d551 e-flex e-con-boxed e-con e-parent\" data-id=\"707d551\" data-element_type=\"container\" data-e-type=\"container\" data-settings=\"{&quot;jet_parallax_layout_list&quot;:[]}\">\n\t\t\t\t\t<div class=\"e-con-inner\">\n\t\t\t\t<div class=\"elementor-element elementor-element-a2dc30b elementor-widget elementor-widget-heading\" data-id=\"a2dc30b\" data-element_type=\"widget\" data-e-type=\"widget\" data-widget_type=\"heading.default\">\n\t\t\t\t<div class=\"elementor-widget-container\">\n\t\t\t\t\t<h2 class=\"elementor-heading-title elementor-size-default\">Aper\u00e7u des liens importants <\/h2>\t\t\t\t<\/div>\n\t\t\t\t<\/div>\n\t\t\t\t<div class=\"elementor-element elementor-element-c329102 elementor-widget elementor-widget-text-editor\" data-id=\"c329102\" data-element_type=\"widget\" data-e-type=\"widget\" data-widget_type=\"text-editor.default\">\n\t\t\t\t<div class=\"elementor-widget-container\">\n\t\t\t\t\t\t\t\t\t<h3>Vous pouvez enfin arr\u00eater de chercher: vous trouverez ici un aper\u00e7u des liens int\u00e9ressants, informatifs et utiles en rapport avec la m\u00e9decine v\u00e9t\u00e9rinaire:<\/h3>\t\t\t\t\t\t\t\t<\/div>\n\t\t\t\t<\/div>\n\t\t\t\t\t<\/div>\n\t\t\t\t<\/div>\n\t\t<div class=\"elementor-element elementor-element-ea295bb e-flex e-con-boxed e-con e-parent\" data-id=\"ea295bb\" data-element_type=\"container\" data-e-type=\"container\" data-settings=\"{&quot;jet_parallax_layout_list&quot;:[]}\">\n\t\t\t\t\t<div class=\"e-con-inner\">\n\t\t\t\t<div class=\"elementor-element elementor-element-fba152b elementor-widget elementor-widget-heading\" data-id=\"fba152b\" data-element_type=\"widget\" data-e-type=\"widget\" data-widget_type=\"heading.default\">\n\t\t\t\t<div class=\"elementor-widget-container\">\n\t\t\t\t\t<h3 class=\"elementor-heading-title elementor-size-default\">Autorit\u00e9s \/ Lois \/ Directives\n<\/h3>\t\t\t\t<\/div>\n\t\t\t\t<\/div>\n\t\t\t\t<div class=\"elementor-element elementor-element-581b7e0 elementor-icon-list--layout-traditional elementor-list-item-link-full_width elementor-widget elementor-widget-icon-list\" data-id=\"581b7e0\" data-element_type=\"widget\" data-e-type=\"widget\" data-widget_type=\"icon-list.default\">\n\t\t\t\t<div class=\"elementor-widget-container\">\n\t\t\t\t\t\t\t<ul class=\"elementor-icon-list-items\">\n\t\t\t\t\t\t\t<li class=\"elementor-icon-list-item\">\n\t\t\t\t\t\t\t\t\t\t\t<a href=\"https:\/\/www.agroscope.admin.ch\/agroscope\/de\/home.html\" target=\"_blank\">\n\n\t\t\t\t\t\t\t\t\t\t\t\t<span class=\"elementor-icon-list-icon\">\n\t\t\t\t\t\t\t<i aria-hidden=\"true\" class=\"fas fa-chevron-right\"><\/i>\t\t\t\t\t\t<\/span>\n\t\t\t\t\t\t\t\t\t\t<span class=\"elementor-icon-list-text\">Agroscope\u00a0<\/span>\n\t\t\t\t\t\t\t\t\t\t\t<\/a>\n\t\t\t\t\t\t\t\t\t<\/li>\n\t\t\t\t\t\t\t\t<li class=\"elementor-icon-list-item\">\n\t\t\t\t\t\t\t\t\t\t\t<a href=\"https:\/\/www.bag.admin.ch\/bag\/de\/home.html\" target=\"_blank\">\n\n\t\t\t\t\t\t\t\t\t\t\t\t<span class=\"elementor-icon-list-icon\">\n\t\t\t\t\t\t\t<i aria-hidden=\"true\" class=\"fas fa-chevron-right\"><\/i>\t\t\t\t\t\t<\/span>\n\t\t\t\t\t\t\t\t\t\t<span class=\"elementor-icon-list-text\">Office f\u00e9d\u00e9ral de la sant\u00e9 publique OFSP<\/span>\n\t\t\t\t\t\t\t\t\t\t\t<\/a>\n\t\t\t\t\t\t\t\t\t<\/li>\n\t\t\t\t\t\t\t\t<li class=\"elementor-icon-list-item\">\n\t\t\t\t\t\t\t\t\t\t\t<a href=\"https:\/\/www.blv.admin.ch\/blv\/de\/home.html\" target=\"_blank\">\n\n\t\t\t\t\t\t\t\t\t\t\t\t<span class=\"elementor-icon-list-icon\">\n\t\t\t\t\t\t\t<i aria-hidden=\"true\" class=\"fas fa-chevron-right\"><\/i>\t\t\t\t\t\t<\/span>\n\t\t\t\t\t\t\t\t\t\t<span class=\"elementor-icon-list-text\">Office f\u00e9d\u00e9ral de l\u2019agriculture<\/span>\n\t\t\t\t\t\t\t\t\t\t\t<\/a>\n\t\t\t\t\t\t\t\t\t<\/li>\n\t\t\t\t\t\t\t\t<li class=\"elementor-icon-list-item\">\n\t\t\t\t\t\t\t\t\t\t\t<a href=\"http:\/\/Office%20v\u00e9t\u00e9rinaire%20f\u00e9d\u00e9ral%20OVF\" target=\"_blank\">\n\n\t\t\t\t\t\t\t\t\t\t\t\t<span class=\"elementor-icon-list-icon\">\n\t\t\t\t\t\t\t<i aria-hidden=\"true\" class=\"fas fa-chevron-right\"><\/i>\t\t\t\t\t\t<\/span>\n\t\t\t\t\t\t\t\t\t\t<span class=\"elementor-icon-list-text\">Institut suisse des produits th\u00e9rapeutiques, swissmedic<\/span>\n\t\t\t\t\t\t\t\t\t\t\t<\/a>\n\t\t\t\t\t\t\t\t\t<\/li>\n\t\t\t\t\t\t<\/ul>\n\t\t\t\t\t\t<\/div>\n\t\t\t\t<\/div>\n\t\t\t\t\t<\/div>\n\t\t\t\t<\/div>\n\t\t<div class=\"elementor-element elementor-element-56e222c e-flex e-con-boxed e-con e-parent\" data-id=\"56e222c\" data-element_type=\"container\" data-e-type=\"container\" data-settings=\"{&quot;jet_parallax_layout_list&quot;:[]}\">\n\t\t\t\t\t<div class=\"e-con-inner\">\n\t\t\t\t<div class=\"elementor-element elementor-element-359b124 elementor-widget elementor-widget-heading\" data-id=\"359b124\" data-element_type=\"widget\" data-e-type=\"widget\" data-widget_type=\"heading.default\">\n\t\t\t\t<div class=\"elementor-widget-container\">\n\t\t\t\t\t<h3 class=\"elementor-heading-title elementor-size-default\">Soci\u00e9t\u00e9s \/ Institutions<\/h3>\t\t\t\t<\/div>\n\t\t\t\t<\/div>\n\t\t\t\t<div class=\"elementor-element elementor-element-61f1c8e elementor-icon-list--layout-traditional elementor-list-item-link-full_width elementor-widget elementor-widget-icon-list\" data-id=\"61f1c8e\" data-element_type=\"widget\" data-e-type=\"widget\" data-widget_type=\"icon-list.default\">\n\t\t\t\t<div class=\"elementor-widget-container\">\n\t\t\t\t\t\t\t<ul class=\"elementor-icon-list-items\">\n\t\t\t\t\t\t\t<li class=\"elementor-icon-list-item\">\n\t\t\t\t\t\t\t\t\t\t\t<a href=\"https:\/\/www.amicus.ch\/Account\/Login\" target=\"_blank\">\n\n\t\t\t\t\t\t\t\t\t\t\t\t<span class=\"elementor-icon-list-icon\">\n\t\t\t\t\t\t\t<i aria-hidden=\"true\" class=\"fas fa-chevron-right\"><\/i>\t\t\t\t\t\t<\/span>\n\t\t\t\t\t\t\t\t\t\t<span class=\"elementor-icon-list-text\">Amicus base de donn\u00e9es nationale pour les chiens <\/span>\n\t\t\t\t\t\t\t\t\t\t\t<\/a>\n\t\t\t\t\t\t\t\t\t<\/li>\n\t\t\t\t\t\t\t\t<li class=\"elementor-icon-list-item\">\n\t\t\t\t\t\t\t\t\t\t\t<a href=\"https:\/\/www.anis.ch\/auth\" target=\"_blank\">\n\n\t\t\t\t\t\t\t\t\t\t\t\t<span class=\"elementor-icon-list-icon\">\n\t\t\t\t\t\t\t<i aria-hidden=\"true\" class=\"fas fa-chevron-right\"><\/i>\t\t\t\t\t\t<\/span>\n\t\t\t\t\t\t\t\t\t\t<span class=\"elementor-icon-list-text\">La base de donn\u00e9es pour l'enregistrement de tous les animaux de compagnie<\/span>\n\t\t\t\t\t\t\t\t\t\t\t<\/a>\n\t\t\t\t\t\t\t\t\t<\/li>\n\t\t\t\t\t\t\t\t<li class=\"elementor-icon-list-item\">\n\t\t\t\t\t\t\t\t\t\t\t<a href=\"https:\/\/www.gstsvs.ch\/de\/\" target=\"_blank\">\n\n\t\t\t\t\t\t\t\t\t\t\t\t<span class=\"elementor-icon-list-icon\">\n\t\t\t\t\t\t\t<i aria-hidden=\"true\" class=\"fas fa-chevron-right\"><\/i>\t\t\t\t\t\t<\/span>\n\t\t\t\t\t\t\t\t\t\t<span class=\"elementor-icon-list-text\">Soci\u00e9t\u00e9 des V\u00e9t\u00e9rinaires Suisses SVS<\/span>\n\t\t\t\t\t\t\t\t\t\t\t<\/a>\n\t\t\t\t\t\t\t\t\t<\/li>\n\t\t\t\t\t\t\t\t<li class=\"elementor-icon-list-item\">\n\t\t\t\t\t\t\t\t\t\t\t<a href=\"https:\/\/www.toxinfo.ch\/\" target=\"_blank\">\n\n\t\t\t\t\t\t\t\t\t\t\t\t<span class=\"elementor-icon-list-icon\">\n\t\t\t\t\t\t\t<i aria-hidden=\"true\" class=\"fas fa-chevron-right\"><\/i>\t\t\t\t\t\t<\/span>\n\t\t\t\t\t\t\t\t\t\t<span class=\"elementor-icon-list-text\">Tox Info Suisse<\/span>\n\t\t\t\t\t\t\t\t\t\t\t<\/a>\n\t\t\t\t\t\t\t\t\t<\/li>\n\t\t\t\t\t\t\t\t<li class=\"elementor-icon-list-item\">\n\t\t\t\t\t\t\t\t\t\t\t<a href=\"https:\/\/www.vetpharm.uzh.ch\/perldocs\/kompend3.htm\" target=\"_blank\">\n\n\t\t\t\t\t\t\t\t\t\t\t\t<span class=\"elementor-icon-list-icon\">\n\t\t\t\t\t\t\t<i aria-hidden=\"true\" class=\"fas fa-chevron-right\"><\/i>\t\t\t\t\t\t<\/span>\n\t\t\t\t\t\t\t\t\t\t<span class=\"elementor-icon-list-text\">Syst\u00e8me d'information pour la pharmacoth\u00e9rapie et la toxicologie clinique<\/span>\n\t\t\t\t\t\t\t\t\t\t\t<\/a>\n\t\t\t\t\t\t\t\t\t<\/li>\n\t\t\t\t\t\t\t\t<li class=\"elementor-icon-list-item\">\n\t\t\t\t\t\t\t\t\t\t\t<a href=\"https:\/\/www.tvs-ogv.ch\/\" target=\"_blank\">\n\n\t\t\t\t\t\t\t\t\t\t\t\t<span class=\"elementor-icon-list-icon\">\n\t\t\t\t\t\t\t<i aria-hidden=\"true\" class=\"fas fa-chevron-right\"><\/i>\t\t\t\t\t\t<\/span>\n\t\t\t\t\t\t\t\t\t\t<span class=\"elementor-icon-list-text\">L'office de gestion des v\u00e9t\u00e9rinaires OGV<\/span>\n\t\t\t\t\t\t\t\t\t\t\t<\/a>\n\t\t\t\t\t\t\t\t\t<\/li>\n\t\t\t\t\t\t<\/ul>\n\t\t\t\t\t\t<\/div>\n\t\t\t\t<\/div>\n\t\t\t\t\t<\/div>\n\t\t\t\t<\/div>\n\t\t<div class=\"elementor-element elementor-element-e34dd99 e-flex e-con-boxed e-con e-parent\" data-id=\"e34dd99\" data-element_type=\"container\" data-e-type=\"container\" data-settings=\"{&quot;jet_parallax_layout_list&quot;:[]}\">\n\t\t\t\t\t<div class=\"e-con-inner\">\n\t\t\t\t<div class=\"elementor-element elementor-element-445ff78 elementor-widget elementor-widget-heading\" data-id=\"445ff78\" data-element_type=\"widget\" data-e-type=\"widget\" data-widget_type=\"heading.default\">\n\t\t\t\t<div class=\"elementor-widget-container\">\n\t\t\t\t\t<h3 class=\"elementor-heading-title elementor-size-default\">Groupe<\/h3>\t\t\t\t<\/div>\n\t\t\t\t<\/div>\n\t\t\t\t<div class=\"elementor-element elementor-element-f5f9929 elementor-icon-list--layout-traditional elementor-list-item-link-full_width elementor-widget elementor-widget-icon-list\" data-id=\"f5f9929\" data-element_type=\"widget\" data-e-type=\"widget\" data-widget_type=\"icon-list.default\">\n\t\t\t\t<div class=\"elementor-widget-container\">\n\t\t\t\t\t\t\t<ul class=\"elementor-icon-list-items\">\n\t\t\t\t\t\t\t<li class=\"elementor-icon-list-item\">\n\t\t\t\t\t\t\t\t\t\t\t<a href=\"https:\/\/www.fenaco.com\/\" target=\"_blank\">\n\n\t\t\t\t\t\t\t\t\t\t\t\t<span class=\"elementor-icon-list-icon\">\n\t\t\t\t\t\t\t<i aria-hidden=\"true\" class=\"fas fa-chevron-right\"><\/i>\t\t\t\t\t\t<\/span>\n\t\t\t\t\t\t\t\t\t\t<span class=\"elementor-icon-list-text\">fenaco, Groupe d'entreprises de l'\u00e9conomie agricole suisse<\/span>\n\t\t\t\t\t\t\t\t\t\t\t<\/a>\n\t\t\t\t\t\t\t\t\t<\/li>\n\t\t\t\t\t\t\t\t<li class=\"elementor-icon-list-item\">\n\t\t\t\t\t\t\t\t\t\t\t<a href=\"https:\/\/www.ufag-laboratorien.ch\/\" target=\"_blank\">\n\n\t\t\t\t\t\t\t\t\t\t\t\t<span class=\"elementor-icon-list-icon\">\n\t\t\t\t\t\t\t<i aria-hidden=\"true\" class=\"fas fa-chevron-right\"><\/i>\t\t\t\t\t\t<\/span>\n\t\t\t\t\t\t\t\t\t\t<span class=\"elementor-icon-list-text\">Laboratoires UFAG<\/span>\n\t\t\t\t\t\t\t\t\t\t\t<\/a>\n\t\t\t\t\t\t\t\t\t<\/li>\n\t\t\t\t\t\t<\/ul>\n\t\t\t\t\t\t<\/div>\n\t\t\t\t<\/div>\n\t\t\t\t\t<\/div>\n\t\t\t\t<\/div>\n\t\t\t\t<\/div>\n\t\t","protected":false},"excerpt":{"rendered":"<p>Aper\u00e7u des liens importants Vous pouvez enfin arr\u00eater de chercher: vous trouverez ici un aper\u00e7u des liens int\u00e9ressants, informatifs et utiles en rapport avec la m\u00e9decine v\u00e9t\u00e9rinaire: Autorit\u00e9s \/ Lois \/ Directives Agroscope\u00a0 Office f\u00e9d\u00e9ral de la sant\u00e9 publique OFSP Office f\u00e9d\u00e9ral de l\u2019agriculture Institut suisse des produits th\u00e9rapeutiques, swissmedic Soci\u00e9t\u00e9s \/ Institutions Amicus base [&hellip;]<\/p>\n","protected":false},"author":1,"featured_media":3264,"parent":0,"menu_order":0,"comment_status":"closed","ping_status":"closed","template":"","meta":{"footnotes":""},"class_list":["post-3076","page","type-page","status-publish","has-post-thumbnail","hentry"],"yoast_head":"<!-- This site is optimized with the Yoast SEO plugin v27.1.1 - https:\/\/yoast.com\/product\/yoast-seo-wordpress\/ -->\n<title>ufamed AG | Liens utiles<\/title>\n<meta name=\"description\" content=\"La liste des liens d\u2019ufamed AG Sursee offre une vue d\u2019ensemble des liens utiles et informatifs sur la m\u00e9decine v\u00e9t\u00e9rinaire, des autorit\u00e9s aux institutions.\" \/>\n<meta name=\"robots\" content=\"index, follow, max-snippet:-1, max-image-preview:large, max-video-preview:-1\" \/>\n<link rel=\"canonical\" href=\"https:\/\/www.ufamed.ch\/fr\/liens-utiles\/\" \/>\n<meta property=\"og:locale\" content=\"fr_FR\" \/>\n<meta property=\"og:type\" content=\"article\" \/>\n<meta property=\"og:title\" content=\"ufamed AG | Liens utiles\" \/>\n<meta property=\"og:description\" content=\"La liste des liens d\u2019ufamed AG Sursee offre une vue d\u2019ensemble des liens utiles et informatifs sur la m\u00e9decine v\u00e9t\u00e9rinaire, des autorit\u00e9s aux institutions.\" \/>\n<meta property=\"og:url\" content=\"https:\/\/www.ufamed.ch\/fr\/liens-utiles\/\" \/>\n<meta property=\"og:site_name\" content=\"ufamed AG\" \/>\n<meta property=\"article:modified_time\" content=\"2023-09-25T14:48:38+00:00\" \/>\n<meta property=\"og:image\" content=\"https:\/\/www.ufamed.ch\/wp-content\/uploads\/2023\/09\/Links.webp\" \/>\n\t<meta property=\"og:image:width\" content=\"1500\" \/>\n\t<meta property=\"og:image:height\" content=\"400\" \/>\n\t<meta property=\"og:image:type\" content=\"image\/webp\" \/>\n<meta name=\"twitter:card\" content=\"summary_large_image\" \/>\n<meta name=\"twitter:label1\" content=\"Dur\u00e9e de lecture estim\u00e9e\" \/>\n\t<meta name=\"twitter:data1\" content=\"1 minute\" \/>\n<script type=\"application\/ld+json\" class=\"yoast-schema-graph\">{\"@context\":\"https:\/\/schema.org\",\"@graph\":[{\"@type\":\"WebPage\",\"@id\":\"https:\/\/www.ufamed.ch\/fr\/liens-utiles\/\",\"url\":\"https:\/\/www.ufamed.ch\/fr\/liens-utiles\/\",\"name\":\"ufamed AG | Liens utiles\",\"isPartOf\":{\"@id\":\"https:\/\/www.ufamed.ch\/fr\/#website\"},\"primaryImageOfPage\":{\"@id\":\"https:\/\/www.ufamed.ch\/fr\/liens-utiles\/#primaryimage\"},\"image\":{\"@id\":\"https:\/\/www.ufamed.ch\/fr\/liens-utiles\/#primaryimage\"},\"thumbnailUrl\":\"https:\/\/www.ufamed.ch\/wp-content\/uploads\/2023\/09\/Links.webp\",\"datePublished\":\"2023-06-21T08:36:51+00:00\",\"dateModified\":\"2023-09-25T14:48:38+00:00\",\"description\":\"La liste des liens d\u2019ufamed AG Sursee offre une vue d\u2019ensemble des liens utiles et informatifs sur la m\u00e9decine v\u00e9t\u00e9rinaire, des autorit\u00e9s aux institutions.\",\"breadcrumb\":{\"@id\":\"https:\/\/www.ufamed.ch\/fr\/liens-utiles\/#breadcrumb\"},\"inLanguage\":\"fr-FR\",\"potentialAction\":[{\"@type\":\"ReadAction\",\"target\":[\"https:\/\/www.ufamed.ch\/fr\/liens-utiles\/\"]}]},{\"@type\":\"ImageObject\",\"inLanguage\":\"fr-FR\",\"@id\":\"https:\/\/www.ufamed.ch\/fr\/liens-utiles\/#primaryimage\",\"url\":\"https:\/\/www.ufamed.ch\/wp-content\/uploads\/2023\/09\/Links.webp\",\"contentUrl\":\"https:\/\/www.ufamed.ch\/wp-content\/uploads\/2023\/09\/Links.webp\",\"width\":1500,\"height\":400},{\"@type\":\"BreadcrumbList\",\"@id\":\"https:\/\/www.ufamed.ch\/fr\/liens-utiles\/#breadcrumb\",\"itemListElement\":[{\"@type\":\"ListItem\",\"position\":1,\"name\":\"Startseite\",\"item\":\"https:\/\/www.ufamed.ch\/fr\/\"},{\"@type\":\"ListItem\",\"position\":2,\"name\":\"Liens utiles\"}]},{\"@type\":\"WebSite\",\"@id\":\"https:\/\/www.ufamed.ch\/fr\/#website\",\"url\":\"https:\/\/www.ufamed.ch\/fr\/\",\"name\":\"ufamed AG\",\"description\":\"Veterinaermedizin - unsere Leidenschaft\",\"publisher\":{\"@id\":\"https:\/\/www.ufamed.ch\/fr\/#organization\"},\"potentialAction\":[{\"@type\":\"SearchAction\",\"target\":{\"@type\":\"EntryPoint\",\"urlTemplate\":\"https:\/\/www.ufamed.ch\/fr\/?s={search_term_string}\"},\"query-input\":{\"@type\":\"PropertyValueSpecification\",\"valueRequired\":true,\"valueName\":\"search_term_string\"}}],\"inLanguage\":\"fr-FR\"},{\"@type\":\"Organization\",\"@id\":\"https:\/\/www.ufamed.ch\/fr\/#organization\",\"name\":\"ufamed AG\",\"url\":\"https:\/\/www.ufamed.ch\/fr\/\",\"logo\":{\"@type\":\"ImageObject\",\"inLanguage\":\"fr-FR\",\"@id\":\"https:\/\/www.ufamed.ch\/fr\/#\/schema\/logo\/image\/\",\"url\":\"https:\/\/www.ufamed.ch\/wp-content\/uploads\/2023\/06\/logo-ufamed-de.svg\",\"contentUrl\":\"https:\/\/www.ufamed.ch\/wp-content\/uploads\/2023\/06\/logo-ufamed-de.svg\",\"width\":463,\"height\":115,\"caption\":\"ufamed AG\"},\"image\":{\"@id\":\"https:\/\/www.ufamed.ch\/fr\/#\/schema\/logo\/image\/\"}}]}<\/script>\n<!-- \/ Yoast SEO plugin. -->","yoast_head_json":{"title":"ufamed AG | Liens utiles","description":"La liste des liens d\u2019ufamed AG Sursee offre une vue d\u2019ensemble des liens utiles et informatifs sur la m\u00e9decine v\u00e9t\u00e9rinaire, des autorit\u00e9s aux institutions.","robots":{"index":"index","follow":"follow","max-snippet":"max-snippet:-1","max-image-preview":"max-image-preview:large","max-video-preview":"max-video-preview:-1"},"canonical":"https:\/\/www.ufamed.ch\/fr\/liens-utiles\/","og_locale":"fr_FR","og_type":"article","og_title":"ufamed AG | Liens utiles","og_description":"La liste des liens d\u2019ufamed AG Sursee offre une vue d\u2019ensemble des liens utiles et informatifs sur la m\u00e9decine v\u00e9t\u00e9rinaire, des autorit\u00e9s aux institutions.","og_url":"https:\/\/www.ufamed.ch\/fr\/liens-utiles\/","og_site_name":"ufamed AG","article_modified_time":"2023-09-25T14:48:38+00:00","og_image":[{"width":1500,"height":400,"url":"https:\/\/www.ufamed.ch\/wp-content\/uploads\/2023\/09\/Links.webp","type":"image\/webp"}],"twitter_card":"summary_large_image","twitter_misc":{"Dur\u00e9e de lecture estim\u00e9e":"1 minute"},"schema":{"@context":"https:\/\/schema.org","@graph":[{"@type":"WebPage","@id":"https:\/\/www.ufamed.ch\/fr\/liens-utiles\/","url":"https:\/\/www.ufamed.ch\/fr\/liens-utiles\/","name":"ufamed AG | Liens utiles","isPartOf":{"@id":"https:\/\/www.ufamed.ch\/fr\/#website"},"primaryImageOfPage":{"@id":"https:\/\/www.ufamed.ch\/fr\/liens-utiles\/#primaryimage"},"image":{"@id":"https:\/\/www.ufamed.ch\/fr\/liens-utiles\/#primaryimage"},"thumbnailUrl":"https:\/\/www.ufamed.ch\/wp-content\/uploads\/2023\/09\/Links.webp","datePublished":"2023-06-21T08:36:51+00:00","dateModified":"2023-09-25T14:48:38+00:00","description":"La liste des liens d\u2019ufamed AG Sursee offre une vue d\u2019ensemble des liens utiles et informatifs sur la m\u00e9decine v\u00e9t\u00e9rinaire, des autorit\u00e9s aux institutions.","breadcrumb":{"@id":"https:\/\/www.ufamed.ch\/fr\/liens-utiles\/#breadcrumb"},"inLanguage":"fr-FR","potentialAction":[{"@type":"ReadAction","target":["https:\/\/www.ufamed.ch\/fr\/liens-utiles\/"]}]},{"@type":"ImageObject","inLanguage":"fr-FR","@id":"https:\/\/www.ufamed.ch\/fr\/liens-utiles\/#primaryimage","url":"https:\/\/www.ufamed.ch\/wp-content\/uploads\/2023\/09\/Links.webp","contentUrl":"https:\/\/www.ufamed.ch\/wp-content\/uploads\/2023\/09\/Links.webp","width":1500,"height":400},{"@type":"BreadcrumbList","@id":"https:\/\/www.ufamed.ch\/fr\/liens-utiles\/#breadcrumb","itemListElement":[{"@type":"ListItem","position":1,"name":"Startseite","item":"https:\/\/www.ufamed.ch\/fr\/"},{"@type":"ListItem","position":2,"name":"Liens utiles"}]},{"@type":"WebSite","@id":"https:\/\/www.ufamed.ch\/fr\/#website","url":"https:\/\/www.ufamed.ch\/fr\/","name":"ufamed AG","description":"Veterinaermedizin - unsere Leidenschaft","publisher":{"@id":"https:\/\/www.ufamed.ch\/fr\/#organization"},"potentialAction":[{"@type":"SearchAction","target":{"@type":"EntryPoint","urlTemplate":"https:\/\/www.ufamed.ch\/fr\/?s={search_term_string}"},"query-input":{"@type":"PropertyValueSpecification","valueRequired":true,"valueName":"search_term_string"}}],"inLanguage":"fr-FR"},{"@type":"Organization","@id":"https:\/\/www.ufamed.ch\/fr\/#organization","name":"ufamed AG","url":"https:\/\/www.ufamed.ch\/fr\/","logo":{"@type":"ImageObject","inLanguage":"fr-FR","@id":"https:\/\/www.ufamed.ch\/fr\/#\/schema\/logo\/image\/","url":"https:\/\/www.ufamed.ch\/wp-content\/uploads\/2023\/06\/logo-ufamed-de.svg","contentUrl":"https:\/\/www.ufamed.ch\/wp-content\/uploads\/2023\/06\/logo-ufamed-de.svg","width":463,"height":115,"caption":"ufamed AG"},"image":{"@id":"https:\/\/www.ufamed.ch\/fr\/#\/schema\/logo\/image\/"}}]}},"_links":{"self":[{"href":"https:\/\/www.ufamed.ch\/fr\/wp-json\/wp\/v2\/pages\/3076","targetHints":{"allow":["GET"]}}],"collection":[{"href":"https:\/\/www.ufamed.ch\/fr\/wp-json\/wp\/v2\/pages"}],"about":[{"href":"https:\/\/www.ufamed.ch\/fr\/wp-json\/wp\/v2\/types\/page"}],"author":[{"embeddable":true,"href":"https:\/\/www.ufamed.ch\/fr\/wp-json\/wp\/v2\/users\/1"}],"replies":[{"embeddable":true,"href":"https:\/\/www.ufamed.ch\/fr\/wp-json\/wp\/v2\/comments?post=3076"}],"version-history":[{"count":0,"href":"https:\/\/www.ufamed.ch\/fr\/wp-json\/wp\/v2\/pages\/3076\/revisions"}],"wp:featuredmedia":[{"embeddable":true,"href":"https:\/\/www.ufamed.ch\/fr\/wp-json\/wp\/v2\/media\/3264"}],"wp:attachment":[{"href":"https:\/\/www.ufamed.ch\/fr\/wp-json\/wp\/v2\/media?parent=3076"}],"curies":[{"name":"wp","href":"https:\/\/api.w.org\/{rel}","templated":true}]}}